{"id":2821,"date":"2023-10-18T09:58:27","date_gmt":"2023-10-18T08:58:27","guid":{"rendered":"https:\/\/fathydanse.fr\/ecole-de-danse\/?page_id=2821"},"modified":"2023-10-18T10:08:22","modified_gmt":"2023-10-18T09:08:22","slug":"reglement-interieur","status":"publish","type":"page","link":"https:\/\/fathydanse.fr\/ecole-de-danse\/reglement-interieur\/","title":{"rendered":"R\u00e8glement int\u00e9rieur G"},"content":{"rendered":"\n[et_pb_section fb_built=\u00a0\u00bb1&Prime; admin_label=\u00a0\u00bbsection\u00a0\u00bb _builder_version=\u00a0\u00bb4.16&Prime; global_colors_info=\u00a0\u00bb{}\u00a0\u00bb][et_pb_row admin_label=\u00a0\u00bbrow\u00a0\u00bb _builder_version=\u00a0\u00bb4.16&Prime; background_size=\u00a0\u00bbinitial\u00a0\u00bb background_position=\u00a0\u00bbtop_left\u00a0\u00bb background_repeat=\u00a0\u00bbrepeat\u00a0\u00bb global_colors_info=\u00a0\u00bb{}\u00a0\u00bb][et_pb_column type=\u00a0\u00bb4_4&Prime; _builder_version=\u00a0\u00bb4.16&Prime; custom_padding=\u00a0\u00bb|||\u00a0\u00bb global_colors_info=\u00a0\u00bb{}\u00a0\u00bb custom_padding__hover=\u00a0\u00bb|||\u00a0\u00bb][et_pb_text admin_label=\u00a0\u00bbTexte\u00a0\u00bb _builder_version=\u00a0\u00bb4.16&Prime; background_size=\u00a0\u00bbinitial\u00a0\u00bb background_position=\u00a0\u00bbtop_left\u00a0\u00bb background_repeat=\u00a0\u00bbrepeat\u00a0\u00bb use_border_color=\u00a0\u00bboff\u00a0\u00bb border_color=\u00a0\u00bb#ffffff\u00a0\u00bb border_style=\u00a0\u00bbsolid\u00a0\u00bb global_colors_info=\u00a0\u00bb{}\u00a0\u00bb]<h2><u><\/u><strong><u>\u00a0 \u00a0 \u00a0 \u00a0 \u00a0 \u00a0 \u00a0 \u00a0 \u00a0 \u00a0 \u00a0 \u00a0 \u00a0 \u00a0 \u00a0 \u00a0 \u00a0 \u00a0 \u00a0 \u00a0 \u00a0 R\u00e8glement int\u00e9rieur\u00a0:<\/u><\/strong><\/h2>\n<p>&nbsp;<\/p>\n<p>Tout \u00e9l\u00e8ve doit \u00eatre inscrit suivant les modalit\u00e9s de l\u2019\u00e9cole Au Petit Conservatoire.<br \/>Tout \u00e9l\u00e8ve doit arriver au moins dix minutes avant le cours.<\/p>\n<p>Chaque \u00e9l\u00e8ve doit \u00eatre habill\u00e9 en tenue de danse (les v\u00eatements de ville sont exclus dans la salle de danse)<\/p>\n<p>Il appartient aux parents ou tuteurs d\u2019assurer ou de faire assurer la surveillance des enfants en dehors des heures de cours, l\u2019\u00e9cole de danse ne pouvant \u00eatre tenue pour responsable<\/p>\n<p>L\u2019\u00e9cole de danse ne pourra \u00eatre tenue responsable en cas de vol (\u00e9viter bijoux, montres, portables\u2026)<\/p>\n<p>Les vestiaires sont r\u00e9serv\u00e9s aux danseuses afin de respecter l\u2019intimit\u00e9 de chaque \u00e9l\u00e8ve<\/p>\n<p>Aucun \u00e9l\u00e8ve n\u2019est admis dans la salle de danse sans la pr\u00e9sence du professeur<\/p>\n<p>En cas d\u2019un petit effectif d\u2019\u00e9l\u00e8ves (soit moins de trois \u00e9l\u00e8ves) le cours est annul\u00e9 et report\u00e9<\/p>\n<p>Pour les cong\u00e9s pendant l\u2019ann\u00e9e, les cours sont assur\u00e9s une semaine sur deux pendant les vacances d&rsquo;hiver et de printemps, \u00e0 No\u00ebl et \u00e0 la Toussaints l\u2019\u00e9cole est ferm\u00e9e<\/p>\n<p>Les cours sont payables au d\u00e9but du trimestre en un ch\u00e8que ou par trois ch\u00e8ques, pour les paiements en esp\u00e8ces le r\u00e8glement se fait au d\u00e9but de chaque mois<\/p>\n<p>Tout trimestre commenc\u00e9 est d\u00fb int\u00e9gralement<\/p>\n<p>Aucun remboursement n\u2019est accord\u00e9 toutefois une absence en cas de maladie avec pr\u00e9sentation d\u2019un certificat d\u2019un m\u00e9decin ou d\u2019un service hospitalier sera \u00e9tudi\u00e9e avec attention<\/p>\n<p>Nom de l\u2019\u00e9l\u00e8ve ou responsable de l\u2019\u00e9l\u00e8ve\u00a0:<\/p>\n<p>Signature pr\u00e9c\u00e9d\u00e9e de la mention \u00ab lu et approuv\u00e9 \u00bb<\/p>[\/et_pb_text][\/et_pb_column][\/et_pb_row][et_pb_row _builder_version=\u00a0\u00bb4.22.1&Prime; _module_preset=\u00a0\u00bbdefault\u00a0\u00bb global_colors_info=\u00a0\u00bb{}\u00a0\u00bb column_structure=\u00a0\u00bb1_2,1_2&Prime;][et_pb_column _builder_version=\u00a0\u00bb4.22.1&Prime; _module_preset=\u00a0\u00bbdefault\u00a0\u00bb type=\u00a0\u00bb1_2&Prime;][\/et_pb_column][et_pb_column type=\u00a0\u00bb1_2&Prime; _builder_version=\u00a0\u00bb4.22.1&Prime; _module_preset=\u00a0\u00bbdefault\u00a0\u00bb global_colors_info=\u00a0\u00bb{}\u00a0\u00bb][et_pb_button button_url=\u00a0\u00bbhttps:\/\/fathydanse.fr\/wp-content\/uploads\/2020\/07\/ACFrOgBmaCl8xa7RbJ0HE_8o0fA_WtDHDHw5l85KwJyMBdmt9VkhcHro4-4W7_H3la94gw8qZkFtXl3VIQcIhc5VtnHhMx-bgh1JQVDhy7utGrwhebBWJIc6dFB6A-AxaW09hthinjDM-PmavOs8.pdf\u00a0\u00bb button_text=\u00a0\u00bbT\u00e9l\u00e9charger le r\u00e8glement int\u00e9rieur\u00a0\u00bb _builder_version=\u00a0\u00bb4.22.1&Prime; _module_preset=\u00a0\u00bbdefault\u00a0\u00bb hover_enabled=\u00a0\u00bb0&Prime; global_colors_info=\u00a0\u00bb{}\u00a0\u00bb sticky_enabled=\u00a0\u00bb0&Prime;][\/et_pb_button][\/et_pb_column][\/et_pb_row][\/et_pb_section]\n","protected":false},"excerpt":{"rendered":"<p>\u00a0 \u00a0 \u00a0 \u00a0 \u00a0 \u00a0 \u00a0 \u00a0 \u00a0 \u00a0 \u00a0 \u00a0 \u00a0 \u00a0 \u00a0 \u00a0 \u00a0 \u00a0 \u00a0 \u00a0 \u00a0 R\u00e8glement int\u00e9rieur\u00a0: &nbsp; Tout \u00e9l\u00e8ve doit \u00eatre inscrit suivant les modalit\u00e9s de l\u2019\u00e9cole Au Petit Conservatoire.Tout \u00e9l\u00e8ve doit arriver au moins dix minutes avant le cours. Chaque \u00e9l\u00e8ve doit \u00eatre habill\u00e9 en tenue de [&hellip;]<\/p>\n","protected":false},"author":1,"featured_media":0,"parent":0,"menu_order":0,"comment_status":"closed","ping_status":"closed","template":"","meta":{"_et_pb_use_builder":"on","_et_pb_old_content":"","_et_gb_content_width":"","footnotes":""},"yoast_head":"<!-- This site is optimized with the Yoast SEO plugin v24.5 - https:\/\/yoast.com\/wordpress\/plugins\/seo\/ -->\n<title>R\u00e8glement int\u00e9rieur G - Fathy Danse<\/title>\n<meta name=\"robots\" content=\"index, follow, max-snippet:-1, max-image-preview:large, max-video-preview:-1\" \/>\n<link rel=\"canonical\" href=\"https:\/\/fathydanse.fr\/ecole-de-danse\/reglement-interieur\/\" \/>\n<meta property=\"og:locale\" content=\"fr_FR\" \/>\n<meta property=\"og:type\" content=\"article\" \/>\n<meta property=\"og:title\" content=\"R\u00e8glement int\u00e9rieur G - Fathy Danse\" \/>\n<meta property=\"og:description\" content=\"\u00a0 \u00a0 \u00a0 \u00a0 \u00a0 \u00a0 \u00a0 \u00a0 \u00a0 \u00a0 \u00a0 \u00a0 \u00a0 \u00a0 \u00a0 \u00a0 \u00a0 \u00a0 \u00a0 \u00a0 \u00a0 R\u00e8glement int\u00e9rieur\u00a0: &nbsp; Tout \u00e9l\u00e8ve doit \u00eatre inscrit suivant les modalit\u00e9s de l\u2019\u00e9cole Au Petit Conservatoire.Tout \u00e9l\u00e8ve doit arriver au moins dix minutes avant le cours. Chaque \u00e9l\u00e8ve doit \u00eatre habill\u00e9 en tenue de [&hellip;]\" \/>\n<meta property=\"og:url\" content=\"https:\/\/fathydanse.fr\/ecole-de-danse\/reglement-interieur\/\" \/>\n<meta property=\"og:site_name\" content=\"Fathy Danse\" \/>\n<meta property=\"article:publisher\" content=\"https:\/\/www.facebook.com\/fathydanse\/\" \/>\n<meta property=\"article:modified_time\" content=\"2023-10-18T09:08:22+00:00\" \/>\n<meta property=\"og:image\" content=\"http:\/\/fathydanse.fr\/wp-content\/uploads\/2016\/05\/danse-mortagne-au-perche.jpg\" \/>\n<meta name=\"twitter:card\" content=\"summary_large_image\" \/>\n<meta name=\"twitter:label1\" content=\"Dur\u00e9e de lecture estim\u00e9e\" \/>\n\t<meta name=\"twitter:data1\" content=\"2 minutes\" \/>\n<script type=\"application\/ld+json\" class=\"yoast-schema-graph\">{\"@context\":\"https:\/\/schema.org\",\"@graph\":[{\"@type\":\"WebPage\",\"@id\":\"https:\/\/fathydanse.fr\/ecole-de-danse\/reglement-interieur\/\",\"url\":\"https:\/\/fathydanse.fr\/ecole-de-danse\/reglement-interieur\/\",\"name\":\"R\u00e8glement int\u00e9rieur G - Fathy Danse\",\"isPartOf\":{\"@id\":\"https:\/\/fathydanse.fr\/ecole-de-danse\/#website\"},\"datePublished\":\"2023-10-18T08:58:27+00:00\",\"dateModified\":\"2023-10-18T09:08:22+00:00\",\"breadcrumb\":{\"@id\":\"https:\/\/fathydanse.fr\/ecole-de-danse\/reglement-interieur\/#breadcrumb\"},\"inLanguage\":\"fr-FR\",\"potentialAction\":[{\"@type\":\"ReadAction\",\"target\":[\"https:\/\/fathydanse.fr\/ecole-de-danse\/reglement-interieur\/\"]}]},{\"@type\":\"BreadcrumbList\",\"@id\":\"https:\/\/fathydanse.fr\/ecole-de-danse\/reglement-interieur\/#breadcrumb\",\"itemListElement\":[{\"@type\":\"ListItem\",\"position\":1,\"name\":\"Accueil\",\"item\":\"https:\/\/fathydanse.fr\/ecole-de-danse\/\"},{\"@type\":\"ListItem\",\"position\":2,\"name\":\"R\u00e8glement int\u00e9rieur G\"}]},{\"@type\":\"WebSite\",\"@id\":\"https:\/\/fathydanse.fr\/ecole-de-danse\/#website\",\"url\":\"https:\/\/fathydanse.fr\/ecole-de-danse\/\",\"name\":\"Fathy Danse\",\"description\":\"Ecole de danse\",\"potentialAction\":[{\"@type\":\"SearchAction\",\"target\":{\"@type\":\"EntryPoint\",\"urlTemplate\":\"https:\/\/fathydanse.fr\/ecole-de-danse\/?s={search_term_string}\"},\"query-input\":{\"@type\":\"PropertyValueSpecification\",\"valueRequired\":true,\"valueName\":\"search_term_string\"}}],\"inLanguage\":\"fr-FR\"}]}<\/script>\n<!-- \/ Yoast SEO plugin. -->","yoast_head_json":{"title":"R\u00e8glement int\u00e9rieur G - Fathy Danse","robots":{"index":"index","follow":"follow","max-snippet":"max-snippet:-1","max-image-preview":"max-image-preview:large","max-video-preview":"max-video-preview:-1"},"canonical":"https:\/\/fathydanse.fr\/ecole-de-danse\/reglement-interieur\/","og_locale":"fr_FR","og_type":"article","og_title":"R\u00e8glement int\u00e9rieur G - Fathy Danse","og_description":"\u00a0 \u00a0 \u00a0 \u00a0 \u00a0 \u00a0 \u00a0 \u00a0 \u00a0 \u00a0 \u00a0 \u00a0 \u00a0 \u00a0 \u00a0 \u00a0 \u00a0 \u00a0 \u00a0 \u00a0 \u00a0 R\u00e8glement int\u00e9rieur\u00a0: &nbsp; Tout \u00e9l\u00e8ve doit \u00eatre inscrit suivant les modalit\u00e9s de l\u2019\u00e9cole Au Petit Conservatoire.Tout \u00e9l\u00e8ve doit arriver au moins dix minutes avant le cours. Chaque \u00e9l\u00e8ve doit \u00eatre habill\u00e9 en tenue de [&hellip;]","og_url":"https:\/\/fathydanse.fr\/ecole-de-danse\/reglement-interieur\/","og_site_name":"Fathy Danse","article_publisher":"https:\/\/www.facebook.com\/fathydanse\/","article_modified_time":"2023-10-18T09:08:22+00:00","og_image":[{"url":"http:\/\/fathydanse.fr\/wp-content\/uploads\/2016\/05\/danse-mortagne-au-perche.jpg","type":"","width":"","height":""}],"twitter_card":"summary_large_image","twitter_misc":{"Dur\u00e9e de lecture estim\u00e9e":"2 minutes"},"schema":{"@context":"https:\/\/schema.org","@graph":[{"@type":"WebPage","@id":"https:\/\/fathydanse.fr\/ecole-de-danse\/reglement-interieur\/","url":"https:\/\/fathydanse.fr\/ecole-de-danse\/reglement-interieur\/","name":"R\u00e8glement int\u00e9rieur G - Fathy Danse","isPartOf":{"@id":"https:\/\/fathydanse.fr\/ecole-de-danse\/#website"},"datePublished":"2023-10-18T08:58:27+00:00","dateModified":"2023-10-18T09:08:22+00:00","breadcrumb":{"@id":"https:\/\/fathydanse.fr\/ecole-de-danse\/reglement-interieur\/#breadcrumb"},"inLanguage":"fr-FR","potentialAction":[{"@type":"ReadAction","target":["https:\/\/fathydanse.fr\/ecole-de-danse\/reglement-interieur\/"]}]},{"@type":"BreadcrumbList","@id":"https:\/\/fathydanse.fr\/ecole-de-danse\/reglement-interieur\/#breadcrumb","itemListElement":[{"@type":"ListItem","position":1,"name":"Accueil","item":"https:\/\/fathydanse.fr\/ecole-de-danse\/"},{"@type":"ListItem","position":2,"name":"R\u00e8glement int\u00e9rieur G"}]},{"@type":"WebSite","@id":"https:\/\/fathydanse.fr\/ecole-de-danse\/#website","url":"https:\/\/fathydanse.fr\/ecole-de-danse\/","name":"Fathy Danse","description":"Ecole de danse","potentialAction":[{"@type":"SearchAction","target":{"@type":"EntryPoint","urlTemplate":"https:\/\/fathydanse.fr\/ecole-de-danse\/?s={search_term_string}"},"query-input":{"@type":"PropertyValueSpecification","valueRequired":true,"valueName":"search_term_string"}}],"inLanguage":"fr-FR"}]}},"_links":{"self":[{"href":"https:\/\/fathydanse.fr\/ecole-de-danse\/wp-json\/wp\/v2\/pages\/2821"}],"collection":[{"href":"https:\/\/fathydanse.fr\/ecole-de-danse\/wp-json\/wp\/v2\/pages"}],"about":[{"href":"https:\/\/fathydanse.fr\/ecole-de-danse\/wp-json\/wp\/v2\/types\/page"}],"author":[{"embeddable":true,"href":"https:\/\/fathydanse.fr\/ecole-de-danse\/wp-json\/wp\/v2\/users\/1"}],"replies":[{"embeddable":true,"href":"https:\/\/fathydanse.fr\/ecole-de-danse\/wp-json\/wp\/v2\/comments?post=2821"}],"version-history":[{"count":9,"href":"https:\/\/fathydanse.fr\/ecole-de-danse\/wp-json\/wp\/v2\/pages\/2821\/revisions"}],"predecessor-version":[{"id":2830,"href":"https:\/\/fathydanse.fr\/ecole-de-danse\/wp-json\/wp\/v2\/pages\/2821\/revisions\/2830"}],"wp:attachment":[{"href":"https:\/\/fathydanse.fr\/ecole-de-danse\/wp-json\/wp\/v2\/media?parent=2821"}],"curies":[{"name":"wp","href":"https:\/\/api.w.org\/{rel}","templated":true}]}}