{"id":79,"date":"2016-05-12T09:28:42","date_gmt":"2016-05-12T08:28:42","guid":{"rendered":"http:\/\/fathydanse.fr\/?page_id=79"},"modified":"2016-05-13T14:57:00","modified_gmt":"2016-05-13T13:57:00","slug":"lecole-de-danse","status":"publish","type":"page","link":"https:\/\/fathydanse.fr\/ecole-de-danse\/lecole-de-danse\/","title":{"rendered":"L&rsquo;\u00e9cole de danse"},"content":{"rendered":"<p>[et_pb_section admin_label=\u00a0\u00bbSection\u00a0\u00bb fullwidth=\u00a0\u00bbon\u00a0\u00bb specialty=\u00a0\u00bboff\u00a0\u00bb][et_pb_fullwidth_image admin_label=\u00a0\u00bbImage en pleine largeur\u00a0\u00bb src=\u00a0\u00bbhttp:\/\/fathydanse.fr\/wp-content\/uploads\/2016\/03\/panoramique-moderne-1.png\u00a0\u00bb show_in_lightbox=\u00a0\u00bboff\u00a0\u00bb url_new_window=\u00a0\u00bboff\u00a0\u00bb use_overlay=\u00a0\u00bboff\u00a0\u00bb animation=\u00a0\u00bbleft\u00a0\u00bb use_border_color=\u00a0\u00bboff\u00a0\u00bb border_color=\u00a0\u00bb#ffffff\u00a0\u00bb border_style=\u00a0\u00bbsolid\u00a0\u00bb alt=\u00a0\u00bbecole de danse mortagne-au-perche\u00a0\u00bb title_text=\u00a0\u00bbL&rsquo;\u00e9cole de danse vue par Fathy\u00a0\u00bb] [\/et_pb_fullwidth_image][\/et_pb_section][et_pb_section admin_label=\u00a0\u00bbsection\u00a0\u00bb][et_pb_row admin_label=\u00a0\u00bbrow\u00a0\u00bb][et_pb_column type=\u00a0\u00bb1_2&Prime;][et_pb_text admin_label=\u00a0\u00bbTexte\u00a0\u00bb background_layout=\u00a0\u00bblight\u00a0\u00bb text_orientation=\u00a0\u00bbleft\u00a0\u00bb use_border_color=\u00a0\u00bboff\u00a0\u00bb border_color=\u00a0\u00bb#ffffff\u00a0\u00bb border_style=\u00a0\u00bbsolid\u00a0\u00bb]<\/p>\n<h1>L&rsquo;\u00e9cole de danse vue par Fathy<\/h1>\n<hr \/>\n<p>&nbsp;<\/p>\n<p>[\/et_pb_text][et_pb_gallery admin_label=\u00a0\u00bbGalerie\u00a0\u00bb gallery_ids=\u00a0\u00bb2506,2503,2504,2505&Prime; fullwidth=\u00a0\u00bbon\u00a0\u00bb show_title_and_caption=\u00a0\u00bboff\u00a0\u00bb show_pagination=\u00a0\u00bbon\u00a0\u00bb background_layout=\u00a0\u00bblight\u00a0\u00bb auto=\u00a0\u00bbon\u00a0\u00bb hover_overlay_color=\u00a0\u00bbrgba(255,255,255,0.9)\u00a0\u00bb caption_all_caps=\u00a0\u00bboff\u00a0\u00bb use_border_color=\u00a0\u00bboff\u00a0\u00bb border_color=\u00a0\u00bb#ffffff\u00a0\u00bb border_style=\u00a0\u00bbsolid\u00a0\u00bb] [\/et_pb_gallery][\/et_pb_column][et_pb_column type=\u00a0\u00bb1_2&Prime;][et_pb_text admin_label=\u00a0\u00bbTexte\u00a0\u00bb background_layout=\u00a0\u00bblight\u00a0\u00bb text_orientation=\u00a0\u00bbleft\u00a0\u00bb use_border_color=\u00a0\u00bboff\u00a0\u00bb border_color=\u00a0\u00bb#ffffff\u00a0\u00bb border_style=\u00a0\u00bbsolid\u00a0\u00bb]<\/p>\n<p>La question de savoir ce que je ferai apr\u00e8s ma carri\u00e8re de danseur ne s\u2019\u00e9tait jamais pos\u00e9e, pour moi c\u2019\u00e9tait une \u00e9vidence je voulais enseigner la danse.<\/p>\n<p>Analyser le corps en mouvement m\u2019a toujours passionn\u00e9. D\u00e9j\u00e0 lorsque j\u2019\u00e9tais danseur j\u2019aimais observer mes coll\u00e8gues pour essayer de comprendre les m\u00e9canismes du corps. Et gr\u00e2ce \u00e0 l\u2019enseignement j\u2019ai pu continuer cette analyse et faire passer ma passion \u00e0 mes \u00e9l\u00e8ves.<\/p>\n<p><strong>La priorit\u00e9 dans mes cours c\u2019est le travail de base\u00a0: la barre, l\u2019\u00e9chauffement et la variation<\/strong>. Ce travail permet d\u2019am\u00e9liorer la technique pour que le mouvement devienne parfait. Une fois qu\u2019ils sont \u00e0 l\u2019aise avec la technique, les jeunes danseurs peuvent am\u00e9liorer la prestance, l\u2019allure. Je n\u2019oublie jamais que je travaille avec des enfants et des jeunes adultes et mes exigences restent \u00e0 leur port\u00e9e cependant j\u2019essaie de leur faire comprendre que la danse est une discipline qui a ses exigences et qu\u2019un danseur peut apprendre jusqu\u2019\u00e0 la fin de sa carri\u00e8re.<\/p>\n<p>Depuis que j\u2019ai commenc\u00e9 \u00e0 enseigner la danse, j\u2019ai form\u00e9 des jeunes qui pour la plupart viennent pour le plaisir et l\u2019amour de la danse mais aussi certains qui veulent en faire leur m\u00e9tier. A ces derniers, je conseille de d\u00e9couvrir d\u2019autres styles, de rencontrer d\u2019autres chor\u00e9graphes et ma\u00eetres de ballet car la diversit\u00e9 des enseignements fait la richesse d\u2019un danseur. Ce n\u2019est qu\u2019apr\u00e8s avoir \u00ab\u00a0\u00e9pong\u00e9\u00a0\u00bb tous ces styles qu\u2019ils peuvent trouver leur propre voie. Et lorsqu\u2019ils doivent monter sur sc\u00e8ne, les jeunes \u00e9l\u00e8ves amateurs ou futurs professionnels sont suffisamment arm\u00e9s pour r\u00e9pondre aux exigences de la plus grande \u00e9cole de la perfection.<\/p>\n<p>Enfin je terminerai par cette phrase qui pour moi r\u00e9sume le travail d\u2019un chor\u00e9graphe et d\u2019un danseur<strong> \u00ab\u00a0 le spectacle est la finalit\u00e9 d\u2019un long travail et non une fin en soi\u00a0\u00bb.<\/strong><\/p>\n<p>[\/et_pb_text][\/et_pb_column][\/et_pb_row][\/et_pb_section]<\/p>\n","protected":false},"excerpt":{"rendered":"<p>L&rsquo;\u00e9cole de danse vue par Fathy &nbsp; La question de savoir ce que je ferai apr\u00e8s ma carri\u00e8re de danseur ne s\u2019\u00e9tait jamais pos\u00e9e, pour moi c\u2019\u00e9tait une \u00e9vidence je voulais enseigner la danse. Analyser le corps en mouvement m\u2019a toujours passionn\u00e9. D\u00e9j\u00e0 lorsque j\u2019\u00e9tais danseur j\u2019aimais observer mes coll\u00e8gues pour essayer de comprendre les [&hellip;]<\/p>\n","protected":false},"author":1,"featured_media":0,"parent":0,"menu_order":0,"comment_status":"closed","ping_status":"closed","template":"","meta":{"_et_pb_use_builder":"on","_et_pb_old_content":"","_et_gb_content_width":"","footnotes":""},"yoast_head":"<!-- This site is optimized with the Yoast SEO plugin v24.5 - https:\/\/yoast.com\/wordpress\/plugins\/seo\/ -->\n<title>L&#039;\u00e9cole de danse - Fathy Danse<\/title>\n<meta name=\"robots\" content=\"index, follow, max-snippet:-1, max-image-preview:large, max-video-preview:-1\" \/>\n<link rel=\"canonical\" href=\"https:\/\/fathydanse.fr\/ecole-de-danse\/lecole-de-danse\/\" \/>\n<meta property=\"og:locale\" content=\"fr_FR\" \/>\n<meta property=\"og:type\" content=\"article\" \/>\n<meta property=\"og:title\" content=\"L&#039;\u00e9cole de danse - Fathy Danse\" \/>\n<meta property=\"og:description\" content=\"L&#039;\u00e9cole de danse vue par Fathy &nbsp; La question de savoir ce que je ferai apr\u00e8s ma carri\u00e8re de danseur ne s\u2019\u00e9tait jamais pos\u00e9e, pour moi c\u2019\u00e9tait une \u00e9vidence je voulais enseigner la danse. Analyser le corps en mouvement m\u2019a toujours passionn\u00e9. D\u00e9j\u00e0 lorsque j\u2019\u00e9tais danseur j\u2019aimais observer mes coll\u00e8gues pour essayer de comprendre les [&hellip;]\" \/>\n<meta property=\"og:url\" content=\"https:\/\/fathydanse.fr\/ecole-de-danse\/lecole-de-danse\/\" \/>\n<meta property=\"og:site_name\" content=\"Fathy Danse\" \/>\n<meta property=\"article:publisher\" content=\"https:\/\/www.facebook.com\/fathydanse\/\" \/>\n<meta property=\"article:modified_time\" content=\"2016-05-13T13:57:00+00:00\" \/>\n<meta property=\"og:image\" content=\"http:\/\/fathydanse.fr\/wp-content\/uploads\/2016\/05\/danse-mortagne-au-perche.jpg\" \/>\n<meta name=\"twitter:card\" content=\"summary_large_image\" \/>\n<meta name=\"twitter:label1\" content=\"Dur\u00e9e de lecture estim\u00e9e\" \/>\n\t<meta name=\"twitter:data1\" content=\"3 minutes\" \/>\n<script type=\"application\/ld+json\" class=\"yoast-schema-graph\">{\"@context\":\"https:\/\/schema.org\",\"@graph\":[{\"@type\":\"WebPage\",\"@id\":\"https:\/\/fathydanse.fr\/ecole-de-danse\/lecole-de-danse\/\",\"url\":\"https:\/\/fathydanse.fr\/ecole-de-danse\/lecole-de-danse\/\",\"name\":\"L'\u00e9cole de danse - Fathy Danse\",\"isPartOf\":{\"@id\":\"https:\/\/fathydanse.fr\/ecole-de-danse\/#website\"},\"datePublished\":\"2016-05-12T08:28:42+00:00\",\"dateModified\":\"2016-05-13T13:57:00+00:00\",\"breadcrumb\":{\"@id\":\"https:\/\/fathydanse.fr\/ecole-de-danse\/lecole-de-danse\/#breadcrumb\"},\"inLanguage\":\"fr-FR\",\"potentialAction\":[{\"@type\":\"ReadAction\",\"target\":[\"https:\/\/fathydanse.fr\/ecole-de-danse\/lecole-de-danse\/\"]}]},{\"@type\":\"BreadcrumbList\",\"@id\":\"https:\/\/fathydanse.fr\/ecole-de-danse\/lecole-de-danse\/#breadcrumb\",\"itemListElement\":[{\"@type\":\"ListItem\",\"position\":1,\"name\":\"Accueil\",\"item\":\"https:\/\/fathydanse.fr\/ecole-de-danse\/\"},{\"@type\":\"ListItem\",\"position\":2,\"name\":\"L&rsquo;\u00e9cole de danse\"}]},{\"@type\":\"WebSite\",\"@id\":\"https:\/\/fathydanse.fr\/ecole-de-danse\/#website\",\"url\":\"https:\/\/fathydanse.fr\/ecole-de-danse\/\",\"name\":\"Fathy Danse\",\"description\":\"Ecole de danse\",\"potentialAction\":[{\"@type\":\"SearchAction\",\"target\":{\"@type\":\"EntryPoint\",\"urlTemplate\":\"https:\/\/fathydanse.fr\/ecole-de-danse\/?s={search_term_string}\"},\"query-input\":{\"@type\":\"PropertyValueSpecification\",\"valueRequired\":true,\"valueName\":\"search_term_string\"}}],\"inLanguage\":\"fr-FR\"}]}<\/script>\n<!-- \/ Yoast SEO plugin. -->","yoast_head_json":{"title":"L'\u00e9cole de danse - Fathy Danse","robots":{"index":"index","follow":"follow","max-snippet":"max-snippet:-1","max-image-preview":"max-image-preview:large","max-video-preview":"max-video-preview:-1"},"canonical":"https:\/\/fathydanse.fr\/ecole-de-danse\/lecole-de-danse\/","og_locale":"fr_FR","og_type":"article","og_title":"L'\u00e9cole de danse - Fathy Danse","og_description":"L'\u00e9cole de danse vue par Fathy &nbsp; La question de savoir ce que je ferai apr\u00e8s ma carri\u00e8re de danseur ne s\u2019\u00e9tait jamais pos\u00e9e, pour moi c\u2019\u00e9tait une \u00e9vidence je voulais enseigner la danse. Analyser le corps en mouvement m\u2019a toujours passionn\u00e9. D\u00e9j\u00e0 lorsque j\u2019\u00e9tais danseur j\u2019aimais observer mes coll\u00e8gues pour essayer de comprendre les [&hellip;]","og_url":"https:\/\/fathydanse.fr\/ecole-de-danse\/lecole-de-danse\/","og_site_name":"Fathy Danse","article_publisher":"https:\/\/www.facebook.com\/fathydanse\/","article_modified_time":"2016-05-13T13:57:00+00:00","og_image":[{"url":"http:\/\/fathydanse.fr\/wp-content\/uploads\/2016\/05\/danse-mortagne-au-perche.jpg","type":"","width":"","height":""}],"twitter_card":"summary_large_image","twitter_misc":{"Dur\u00e9e de lecture estim\u00e9e":"3 minutes"},"schema":{"@context":"https:\/\/schema.org","@graph":[{"@type":"WebPage","@id":"https:\/\/fathydanse.fr\/ecole-de-danse\/lecole-de-danse\/","url":"https:\/\/fathydanse.fr\/ecole-de-danse\/lecole-de-danse\/","name":"L'\u00e9cole de danse - Fathy Danse","isPartOf":{"@id":"https:\/\/fathydanse.fr\/ecole-de-danse\/#website"},"datePublished":"2016-05-12T08:28:42+00:00","dateModified":"2016-05-13T13:57:00+00:00","breadcrumb":{"@id":"https:\/\/fathydanse.fr\/ecole-de-danse\/lecole-de-danse\/#breadcrumb"},"inLanguage":"fr-FR","potentialAction":[{"@type":"ReadAction","target":["https:\/\/fathydanse.fr\/ecole-de-danse\/lecole-de-danse\/"]}]},{"@type":"BreadcrumbList","@id":"https:\/\/fathydanse.fr\/ecole-de-danse\/lecole-de-danse\/#breadcrumb","itemListElement":[{"@type":"ListItem","position":1,"name":"Accueil","item":"https:\/\/fathydanse.fr\/ecole-de-danse\/"},{"@type":"ListItem","position":2,"name":"L&rsquo;\u00e9cole de danse"}]},{"@type":"WebSite","@id":"https:\/\/fathydanse.fr\/ecole-de-danse\/#website","url":"https:\/\/fathydanse.fr\/ecole-de-danse\/","name":"Fathy Danse","description":"Ecole de danse","potentialAction":[{"@type":"SearchAction","target":{"@type":"EntryPoint","urlTemplate":"https:\/\/fathydanse.fr\/ecole-de-danse\/?s={search_term_string}"},"query-input":{"@type":"PropertyValueSpecification","valueRequired":true,"valueName":"search_term_string"}}],"inLanguage":"fr-FR"}]}},"_links":{"self":[{"href":"https:\/\/fathydanse.fr\/ecole-de-danse\/wp-json\/wp\/v2\/pages\/79"}],"collection":[{"href":"https:\/\/fathydanse.fr\/ecole-de-danse\/wp-json\/wp\/v2\/pages"}],"about":[{"href":"https:\/\/fathydanse.fr\/ecole-de-danse\/wp-json\/wp\/v2\/types\/page"}],"author":[{"embeddable":true,"href":"https:\/\/fathydanse.fr\/ecole-de-danse\/wp-json\/wp\/v2\/users\/1"}],"replies":[{"embeddable":true,"href":"https:\/\/fathydanse.fr\/ecole-de-danse\/wp-json\/wp\/v2\/comments?post=79"}],"version-history":[{"count":5,"href":"https:\/\/fathydanse.fr\/ecole-de-danse\/wp-json\/wp\/v2\/pages\/79\/revisions"}],"predecessor-version":[{"id":2508,"href":"https:\/\/fathydanse.fr\/ecole-de-danse\/wp-json\/wp\/v2\/pages\/79\/revisions\/2508"}],"wp:attachment":[{"href":"https:\/\/fathydanse.fr\/ecole-de-danse\/wp-json\/wp\/v2\/media?parent=79"}],"curies":[{"name":"wp","href":"https:\/\/api.w.org\/{rel}","templated":true}]}}